{"id":626,"date":"2020-05-30T15:41:55","date_gmt":"2020-05-30T13:41:55","guid":{"rendered":"https:\/\/wurzgartenvermouth.com\/?page_id=100"},"modified":"2021-04-20T18:20:52","modified_gmt":"2021-04-20T16:20:52","slug":"menschen","status":"publish","type":"page","link":"https:\/\/wurzgartenvermouth.com\/en\/menschen\/","title":{"rendered":"People"},"content":{"rendered":"<div data-elementor-type=\"wp-page\" data-elementor-id=\"626\" class=\"elementor elementor-626\" data-elementor-post-type=\"page\">\n\t\t\t\t\t\t<section class=\"elementor-section elementor-top-section elementor-element elementor-element-8517d08 elementor-section-boxed elementor-section-height-default elementor-section-height-default\" data-id=\"8517d08\" data-element_type=\"section\" data-e-type=\"section\">\n\t\t\t\t\t\t<div class=\"elementor-container elementor-column-gap-default\">\n\t\t\t\t\t<div class=\"elementor-column elementor-col-66 elementor-top-column elementor-element elementor-element-42fff69\" data-id=\"42fff69\" data-element_type=\"column\" data-e-type=\"column\">\n\t\t\t<div class=\"elementor-widget-wrap elementor-element-populated\">\n\t\t\t\t\t\t<div class=\"elementor-element elementor-element-c459685 elementor-widget elementor-widget-image\" data-id=\"c459685\" data-element_type=\"widget\" data-e-type=\"widget\" data-widget_type=\"image.default\">\n\t\t\t\t\t\t\t\t\t\t\t\t\t\t\t<img fetchpriority=\"high\" decoding=\"async\" data-attachment-id=\"83\" data-permalink=\"https:\/\/wurzgartenvermouth.com\/en\/ernst-loosen-20x30cm-300dpi-drloosen-photo-leigh-ann-beverley\/\" data-orig-file=\"https:\/\/i0.wp.com\/wurzgartenvermouth.com\/wp-content\/uploads\/2020\/05\/Ernst-Loosen-20x30cm-300dpi-%C2%A9-DrLoosen-photo-Leigh-Ann-Beverley.jpg?fit=2362%2C3543&amp;ssl=1\" data-orig-size=\"2362,3543\" data-comments-opened=\"1\" data-image-meta=\"{&quot;aperture&quot;:&quot;3.2&quot;,&quot;credit&quot;:&quot;&quot;,&quot;camera&quot;:&quot;Canon EOS 5D Mark II&quot;,&quot;caption&quot;:&quot;&quot;,&quot;created_timestamp&quot;:&quot;1414014579&quot;,&quot;copyright&quot;:&quot;&quot;,&quot;focal_length&quot;:&quot;35&quot;,&quot;iso&quot;:&quot;100&quot;,&quot;shutter_speed&quot;:&quot;0.004&quot;,&quot;title&quot;:&quot;&quot;,&quot;orientation&quot;:&quot;1&quot;}\" data-image-title=\"Ernst-Loosen-20x30cm-300dpi-\u00a9-DrLoosen-photo-Leigh-Ann-Beverley\" data-image-description=\"\" data-image-caption=\"\" data-large-file=\"https:\/\/i0.wp.com\/wurzgartenvermouth.com\/wp-content\/uploads\/2020\/05\/Ernst-Loosen-20x30cm-300dpi-%C2%A9-DrLoosen-photo-Leigh-Ann-Beverley.jpg?fit=683%2C1024&amp;ssl=1\" width=\"300\" height=\"400\" src=\"https:\/\/i0.wp.com\/wurzgartenvermouth.com\/wp-content\/uploads\/2020\/05\/Ernst-Loosen-20x30cm-300dpi-%C2%A9-DrLoosen-photo-Leigh-Ann-Beverley.jpg?resize=300%2C400&amp;ssl=1\" class=\"attachment-newspack-article-block-portrait-small size-newspack-article-block-portrait-small wp-image-83\" alt=\"\" \/>\t\t\t\t\t\t\t\t\t\t\t\t\t\t\t<\/div>\n\t\t\t\t<div class=\"elementor-element elementor-element-93f84c8 elementor-widget elementor-widget-spacer\" data-id=\"93f84c8\" data-element_type=\"widget\" data-e-type=\"widget\" data-widget_type=\"spacer.default\">\n\t\t\t\t\t\t\t<div class=\"elementor-spacer\">\n\t\t\t<div class=\"elementor-spacer-inner\"><\/div>\n\t\t<\/div>\n\t\t\t\t\t\t<\/div>\n\t\t\t\t\t<\/div>\n\t\t<\/div>\n\t\t\t\t<div class=\"elementor-column elementor-col-33 elementor-top-column elementor-element elementor-element-a9d704d\" data-id=\"a9d704d\" data-element_type=\"column\" data-e-type=\"column\">\n\t\t\t<div class=\"elementor-widget-wrap elementor-element-populated\">\n\t\t\t\t\t\t<div class=\"elementor-element elementor-element-854075e elementor-widget elementor-widget-heading\" data-id=\"854075e\" data-element_type=\"widget\" data-e-type=\"widget\" data-widget_type=\"heading.default\">\n\t\t\t\t\t<h2 class=\"elementor-heading-title elementor-size-default\">Ernst Loosen<br><br> \n\n<i>Winemaker &amp; owner of DR. LOOSEN<\/i><\/h2>\t\t\t\t<\/div>\n\t\t\t\t<div class=\"elementor-element elementor-element-f2234c9 elementor-widget elementor-widget-text-editor\" data-id=\"f2234c9\" data-element_type=\"widget\" data-e-type=\"widget\" data-widget_type=\"text-editor.default\">\n\t\t\t\t\t\t\t\t\t<h5>Ernst was born into a great tradition of German winemaking. The Dr Loosen estate on the Moselle has been in his family for over 200 years. Ernst was recently named \"Ambassador of German Wine\" by Falstaff magazine and is known to many as \"Herr Riesling\". Ernst brings over 30 years of experience and a palate for perfecting wines, even the fortified kind.<\/h5>\t\t\t\t\t\t\t\t<\/div>\n\t\t\t\t\t<\/div>\n\t\t<\/div>\n\t\t\t\t\t<\/div>\n\t\t<\/section>\n\t\t\t\t<section class=\"elementor-section elementor-top-section elementor-element elementor-element-72cc2eb elementor-section-boxed elementor-section-height-default elementor-section-height-default\" data-id=\"72cc2eb\" data-element_type=\"section\" data-e-type=\"section\">\n\t\t\t\t\t\t<div class=\"elementor-container elementor-column-gap-default\">\n\t\t\t\t\t<div class=\"elementor-column elementor-col-66 elementor-top-column elementor-element elementor-element-a414f61\" data-id=\"a414f61\" data-element_type=\"column\" data-e-type=\"column\">\n\t\t\t<div class=\"elementor-widget-wrap elementor-element-populated\">\n\t\t\t\t\t\t<div class=\"elementor-element elementor-element-0ff5edb elementor-widget elementor-widget-image\" data-id=\"0ff5edb\" data-element_type=\"widget\" data-e-type=\"widget\" data-widget_type=\"image.default\">\n\t\t\t\t\t\t\t\t\t\t\t\t\t\t\t<img decoding=\"async\" data-attachment-id=\"316\" data-permalink=\"https:\/\/wurzgartenvermouth.com\/en\/pg-bio-2-3\/\" data-orig-file=\"https:\/\/i0.wp.com\/wurzgartenvermouth.com\/wp-content\/uploads\/2020\/06\/PG-Bio-2.jpg?fit=1600%2C2000&amp;ssl=1\" data-orig-size=\"1600,2000\" data-comments-opened=\"1\" data-image-meta=\"{&quot;aperture&quot;:&quot;0&quot;,&quot;credit&quot;:&quot;&quot;,&quot;camera&quot;:&quot;&quot;,&quot;caption&quot;:&quot;&quot;,&quot;created_timestamp&quot;:&quot;1568910436&quot;,&quot;copyright&quot;:&quot;&quot;,&quot;focal_length&quot;:&quot;0&quot;,&quot;iso&quot;:&quot;0&quot;,&quot;shutter_speed&quot;:&quot;0&quot;,&quot;title&quot;:&quot;&quot;,&quot;orientation&quot;:&quot;0&quot;}\" data-image-title=\"PG-Bio-2\" data-image-description=\"\" data-image-caption=\"\" data-large-file=\"https:\/\/i0.wp.com\/wurzgartenvermouth.com\/wp-content\/uploads\/2020\/06\/PG-Bio-2.jpg?fit=819%2C1024&amp;ssl=1\" width=\"300\" height=\"400\" src=\"https:\/\/i0.wp.com\/wurzgartenvermouth.com\/wp-content\/uploads\/2020\/06\/PG-Bio-2.jpg?resize=300%2C400&amp;ssl=1\" class=\"attachment-newspack-article-block-portrait-small size-newspack-article-block-portrait-small wp-image-316\" alt=\"\" srcset=\"https:\/\/i0.wp.com\/wurzgartenvermouth.com\/wp-content\/uploads\/2020\/06\/PG-Bio-2.jpg?resize=900%2C1200&amp;ssl=1 900w, https:\/\/i0.wp.com\/wurzgartenvermouth.com\/wp-content\/uploads\/2020\/06\/PG-Bio-2.jpg?resize=600%2C800&amp;ssl=1 600w, https:\/\/i0.wp.com\/wurzgartenvermouth.com\/wp-content\/uploads\/2020\/06\/PG-Bio-2.jpg?resize=300%2C400&amp;ssl=1 300w, https:\/\/i0.wp.com\/wurzgartenvermouth.com\/wp-content\/uploads\/2020\/06\/PG-Bio-2.jpg?resize=150%2C200&amp;ssl=1 150w\" sizes=\"(max-width: 300px) 100vw, 300px\" \/>\t\t\t\t\t\t\t\t\t\t\t\t\t\t\t<\/div>\n\t\t\t\t<div class=\"elementor-element elementor-element-e0d5dd7 elementor-widget elementor-widget-spacer\" data-id=\"e0d5dd7\" data-element_type=\"widget\" data-e-type=\"widget\" data-widget_type=\"spacer.default\">\n\t\t\t\t\t\t\t<div class=\"elementor-spacer\">\n\t\t\t<div class=\"elementor-spacer-inner\"><\/div>\n\t\t<\/div>\n\t\t\t\t\t\t<\/div>\n\t\t\t\t\t<\/div>\n\t\t<\/div>\n\t\t\t\t<div class=\"elementor-column elementor-col-33 elementor-top-column elementor-element elementor-element-a105781\" data-id=\"a105781\" data-element_type=\"column\" data-e-type=\"column\">\n\t\t\t<div class=\"elementor-widget-wrap elementor-element-populated\">\n\t\t\t\t\t\t<div class=\"elementor-element elementor-element-a99db80 elementor-widget elementor-widget-heading\" data-id=\"a99db80\" data-element_type=\"widget\" data-e-type=\"widget\" data-widget_type=\"heading.default\">\n\t\t\t\t\t<h2 class=\"elementor-heading-title elementor-size-default\">Philippe C. Grandbois<br><br>\n\n<i>Bar Expert &amp; Partner at Grandbois Consulting<\/i><\/h2>\t\t\t\t<\/div>\n\t\t\t\t<div class=\"elementor-element elementor-element-4eb1608 elementor-widget elementor-widget-text-editor\" data-id=\"4eb1608\" data-element_type=\"widget\" data-e-type=\"widget\" data-widget_type=\"text-editor.default\">\n\t\t\t\t\t\t\t\t\t<h5>Philippe is a bar owner and a hotel consultant of 15 years. What started as a university job to pay for school quickly turned into a career in hospitality and luxury hotels. Certified as a spirits specialist and a sommelier, Philippe is the recipe maker and ambassador for Vermouth . He brings a wealth of experience in vermouth and product development to the Moselle Valley, where he now lives.<\/h5>\t\t\t\t\t\t\t\t<\/div>\n\t\t\t\t\t<\/div>\n\t\t<\/div>\n\t\t\t\t\t<\/div>\n\t\t<\/section>\n\t\t\t\t<section class=\"elementor-section elementor-top-section elementor-element elementor-element-97b76cb elementor-section-boxed elementor-section-height-default elementor-section-height-default\" data-id=\"97b76cb\" data-element_type=\"section\" data-e-type=\"section\">\n\t\t\t\t\t\t<div class=\"elementor-container elementor-column-gap-default\">\n\t\t\t\t\t<div class=\"elementor-column elementor-col-66 elementor-top-column elementor-element elementor-element-cd85bbb\" data-id=\"cd85bbb\" data-element_type=\"column\" data-e-type=\"column\">\n\t\t\t<div class=\"elementor-widget-wrap elementor-element-populated\">\n\t\t\t\t\t\t<div class=\"elementor-element elementor-element-a0d271f elementor-widget elementor-widget-image\" data-id=\"a0d271f\" data-element_type=\"widget\" data-e-type=\"widget\" data-widget_type=\"image.default\">\n\t\t\t\t\t\t\t\t\t\t\t\t\t\t\t<img decoding=\"async\" data-attachment-id=\"105\" data-permalink=\"https:\/\/wurzgartenvermouth.com\/en\/tanja-bio\/\" data-orig-file=\"https:\/\/i0.wp.com\/wurzgartenvermouth.com\/wp-content\/uploads\/2020\/05\/Tanja-Bio.jpg?fit=2048%2C1365&amp;ssl=1\" data-orig-size=\"2048,1365\" data-comments-opened=\"1\" data-image-meta=\"{&quot;aperture&quot;:&quot;4&quot;,&quot;credit&quot;:&quot;&quot;,&quot;camera&quot;:&quot;ILCE-7&quot;,&quot;caption&quot;:&quot;&quot;,&quot;created_timestamp&quot;:&quot;1590069244&quot;,&quot;copyright&quot;:&quot;&quot;,&quot;focal_length&quot;:&quot;44&quot;,&quot;iso&quot;:&quot;125&quot;,&quot;shutter_speed&quot;:&quot;0.00625&quot;,&quot;title&quot;:&quot;&quot;,&quot;orientation&quot;:&quot;0&quot;}\" data-image-title=\"Tanja Bio\" data-image-description=\"\" data-image-caption=\"\" data-large-file=\"https:\/\/i0.wp.com\/wurzgartenvermouth.com\/wp-content\/uploads\/2020\/05\/Tanja-Bio.jpg?fit=1024%2C683&amp;ssl=1\" width=\"300\" height=\"400\" src=\"https:\/\/i0.wp.com\/wurzgartenvermouth.com\/wp-content\/uploads\/2020\/05\/Tanja-Bio.jpg?resize=300%2C400&amp;ssl=1\" class=\"attachment-newspack-article-block-portrait-small size-newspack-article-block-portrait-small wp-image-105\" alt=\"\" srcset=\"https:\/\/i0.wp.com\/wurzgartenvermouth.com\/wp-content\/uploads\/2020\/05\/Tanja-Bio.jpg?resize=900%2C1200&amp;ssl=1 900w, https:\/\/i0.wp.com\/wurzgartenvermouth.com\/wp-content\/uploads\/2020\/05\/Tanja-Bio.jpg?resize=600%2C800&amp;ssl=1 600w, https:\/\/i0.wp.com\/wurzgartenvermouth.com\/wp-content\/uploads\/2020\/05\/Tanja-Bio.jpg?resize=300%2C400&amp;ssl=1 300w, https:\/\/i0.wp.com\/wurzgartenvermouth.com\/wp-content\/uploads\/2020\/05\/Tanja-Bio.jpg?resize=150%2C200&amp;ssl=1 150w\" sizes=\"(max-width: 300px) 100vw, 300px\" \/>\t\t\t\t\t\t\t\t\t\t\t\t\t\t\t<\/div>\n\t\t\t\t\t<\/div>\n\t\t<\/div>\n\t\t\t\t<div class=\"elementor-column elementor-col-33 elementor-top-column elementor-element elementor-element-a91b4d8\" data-id=\"a91b4d8\" data-element_type=\"column\" data-e-type=\"column\">\n\t\t\t<div class=\"elementor-widget-wrap elementor-element-populated\">\n\t\t\t\t\t\t<div class=\"elementor-element elementor-element-b734877 elementor-widget elementor-widget-heading\" data-id=\"b734877\" data-element_type=\"widget\" data-e-type=\"widget\" data-widget_type=\"heading.default\">\n\t\t\t\t\t<h2 class=\"elementor-heading-title elementor-size-default\">Tanja Grandbois<br><br>\nChef &amp; Hospitality Manager<\/h2>\t\t\t\t<\/div>\n\t\t\t\t<div class=\"elementor-element elementor-element-23e1a87 elementor-widget elementor-widget-text-editor\" data-id=\"23e1a87\" data-element_type=\"widget\" data-e-type=\"widget\" data-widget_type=\"text-editor.default\">\n\t\t\t\t\t\t\t\t\t<h5>Tanja is the professionally trained chef who serves as one of the Hospitality Managers and French Country Export Manager at WEINGUT DR LOOSEN. Tanja, a native of Germany, brings the horticultural experience to Botany, a trained palate and culinary experience that has brought Vermouth together.<\/h5>\t\t\t\t\t\t\t\t<\/div>\n\t\t\t\t\t<\/div>\n\t\t<\/div>\n\t\t\t\t\t<\/div>\n\t\t<\/section>\n\t\t\t\t<\/div>","protected":false},"excerpt":{"rendered":"<p>Ernst Loosen Winzer &amp; Inhaber von DR. LOOSEN Ernst wurde in eine gro\u00dfe Tradition der deutschen Weinherstellung hineingeboren. Das Gut Dr. Loosen an der Mosel ist seit \u00fcber 200 Jahren in seiner Familie. Ernst wurde k\u00fcrzlich von der Zeitschrift Falstaff zum &#8222;Botschafter des deutschen Weins&#8220; ernannt und ist vielen als &#8222;Herr Riesling&#8220; bekannt. Ernst bringt [&hellip;]<\/p>\n","protected":false},"author":17433329,"featured_media":0,"parent":0,"menu_order":5,"comment_status":"closed","ping_status":"closed","template":"elementor_header_footer","meta":{"footnotes":""},"class_list":["post-626","page","type-page","status-publish","hentry"],"jetpack_sharing_enabled":true,"jetpack_likes_enabled":false,"jetpack_shortlink":"https:\/\/wp.me\/Pc3xae-a6","_links":{"self":[{"href":"https:\/\/wurzgartenvermouth.com\/en\/wp-json\/wp\/v2\/pages\/626","targetHints":{"allow":["GET"]}}],"collection":[{"href":"https:\/\/wurzgartenvermouth.com\/en\/wp-json\/wp\/v2\/pages"}],"about":[{"href":"https:\/\/wurzgartenvermouth.com\/en\/wp-json\/wp\/v2\/types\/page"}],"author":[{"embeddable":true,"href":"https:\/\/wurzgartenvermouth.com\/en\/wp-json\/wp\/v2\/users\/17433329"}],"replies":[{"embeddable":true,"href":"https:\/\/wurzgartenvermouth.com\/en\/wp-json\/wp\/v2\/comments?post=626"}],"version-history":[{"count":43,"href":"https:\/\/wurzgartenvermouth.com\/en\/wp-json\/wp\/v2\/pages\/626\/revisions"}],"predecessor-version":[{"id":1984,"href":"https:\/\/wurzgartenvermouth.com\/en\/wp-json\/wp\/v2\/pages\/626\/revisions\/1984"}],"wp:attachment":[{"href":"https:\/\/wurzgartenvermouth.com\/en\/wp-json\/wp\/v2\/media?parent=626"}],"curies":[{"name":"wp","href":"https:\/\/api.w.org\/{rel}","templated":true}]}}