{"id":614,"date":"2020-06-03T13:58:17","date_gmt":"2020-06-03T11:58:17","guid":{"rendered":"https:\/\/wurzgartenvermouth.com\/?page_id=488"},"modified":"2022-05-03T13:28:58","modified_gmt":"2022-05-03T11:28:58","slug":"getranke","status":"publish","type":"page","link":"https:\/\/wurzgartenvermouth.com\/en\/getranke\/","title":{"rendered":"Drinks"},"content":{"rendered":"<div data-elementor-type=\"wp-page\" data-elementor-id=\"614\" class=\"elementor elementor-614\" data-elementor-post-type=\"page\">\n\t\t\t\t\t\t<section class=\"elementor-section elementor-top-section elementor-element elementor-element-5bb5b10e elementor-reverse-mobile elementor-section-boxed elementor-section-height-default elementor-section-height-default\" data-id=\"5bb5b10e\" data-element_type=\"section\" data-e-type=\"section\" data-settings=\"{&quot;background_background&quot;:&quot;classic&quot;}\">\n\t\t\t\t\t\t<div class=\"elementor-container elementor-column-gap-no\">\n\t\t\t\t\t<div class=\"elementor-column elementor-col-100 elementor-top-column elementor-element elementor-element-10a09146\" data-id=\"10a09146\" data-element_type=\"column\" data-e-type=\"column\">\n\t\t\t<div class=\"elementor-widget-wrap elementor-element-populated\">\n\t\t\t\t\t\t<section class=\"elementor-section elementor-inner-section elementor-element elementor-element-4678c797 elementor-section-boxed elementor-section-height-default elementor-section-height-default elementor-invisible\" data-id=\"4678c797\" data-element_type=\"section\" data-e-type=\"section\" data-settings=\"{&quot;animation&quot;:&quot;fadeInUp&quot;}\">\n\t\t\t\t\t\t<div class=\"elementor-container elementor-column-gap-default\">\n\t\t\t\t\t<div class=\"elementor-column elementor-col-100 elementor-inner-column elementor-element elementor-element-3ab78f4b\" data-id=\"3ab78f4b\" data-element_type=\"column\" data-e-type=\"column\">\n\t\t\t<div class=\"elementor-widget-wrap elementor-element-populated\">\n\t\t\t\t\t\t<div class=\"elementor-element elementor-element-485cd65c elementor-widget elementor-widget-image\" data-id=\"485cd65c\" data-element_type=\"widget\" data-e-type=\"widget\" data-settings=\"{&quot;_animation&quot;:&quot;none&quot;}\" data-widget_type=\"image.default\">\n\t\t\t\t\t\t\t\t\t\t\t\t<figure class=\"wp-caption\">\n\t\t\t\t\t\t\t\t\t\t\t<a href=\"https:\/\/i0.wp.com\/wurzgartenvermouth.com\/wp-content\/uploads\/2020\/06\/UW_Drinks-2.jpg?ssl=1\" data-elementor-open-lightbox=\"yes\" data-e-action-hash=\"#elementor-action%3Aaction%3Dlightbox%26settings%3DeyJpZCI6NDk1LCJ1cmwiOiJodHRwczpcL1wvd3VyemdhcnRlbnZlcm1vdXRoLmNvbVwvd3AtY29udGVudFwvdXBsb2Fkc1wvMjAyMFwvMDZcL1VXX0RyaW5rcy0yLTQzNTgwNzQ0My0xNjUxNTc2ODkwOTk4LmpwZyJ9\">\n\t\t\t\t\t\t\t<img fetchpriority=\"high\" decoding=\"async\" data-attachment-id=\"495\" data-permalink=\"https:\/\/wurzgartenvermouth.com\/en\/uw_drinks-2\/\" data-orig-file=\"https:\/\/i0.wp.com\/wurzgartenvermouth.com\/wp-content\/uploads\/2020\/06\/UW_Drinks-2-435807443-1651576890998.jpg?fit=1820%2C1365&amp;ssl=1\" data-orig-size=\"1820,1365\" data-comments-opened=\"1\" data-image-meta=\"{&quot;aperture&quot;:&quot;0&quot;,&quot;credit&quot;:&quot;&quot;,&quot;camera&quot;:&quot;&quot;,&quot;caption&quot;:&quot;&quot;,&quot;created_timestamp&quot;:&quot;0&quot;,&quot;copyright&quot;:&quot;&quot;,&quot;focal_length&quot;:&quot;0&quot;,&quot;iso&quot;:&quot;0&quot;,&quot;shutter_speed&quot;:&quot;0&quot;,&quot;title&quot;:&quot;&quot;,&quot;orientation&quot;:&quot;0&quot;}\" data-image-title=\"UW_Drinks-2\" data-image-description=\"\" data-image-caption=\"\" data-large-file=\"https:\/\/i0.wp.com\/wurzgartenvermouth.com\/wp-content\/uploads\/2020\/06\/UW_Drinks-2-435807443-1651576890998.jpg?fit=1024%2C768&amp;ssl=1\" width=\"1200\" height=\"900\" src=\"https:\/\/i0.wp.com\/wurzgartenvermouth.com\/wp-content\/uploads\/2020\/06\/UW_Drinks-2-435807443-1651576890998.jpg?fit=1200%2C900&amp;ssl=1\" class=\"attachment-newspack-article-block-uncropped size-newspack-article-block-uncropped wp-image-495\" alt=\"\" srcset=\"https:\/\/i0.wp.com\/wurzgartenvermouth.com\/wp-content\/uploads\/2020\/06\/UW_Drinks-2-435807443-1651576890998.jpg?w=1820&amp;ssl=1 1820w, https:\/\/i0.wp.com\/wurzgartenvermouth.com\/wp-content\/uploads\/2020\/06\/UW_Drinks-2-435807443-1651576890998.jpg?resize=300%2C225&amp;ssl=1 300w, https:\/\/i0.wp.com\/wurzgartenvermouth.com\/wp-content\/uploads\/2020\/06\/UW_Drinks-2-435807443-1651576890998.jpg?resize=1024%2C768&amp;ssl=1 1024w, https:\/\/i0.wp.com\/wurzgartenvermouth.com\/wp-content\/uploads\/2020\/06\/UW_Drinks-2-435807443-1651576890998.jpg?resize=768%2C576&amp;ssl=1 768w, https:\/\/i0.wp.com\/wurzgartenvermouth.com\/wp-content\/uploads\/2020\/06\/UW_Drinks-2-435807443-1651576890998.jpg?resize=1536%2C1152&amp;ssl=1 1536w, https:\/\/i0.wp.com\/wurzgartenvermouth.com\/wp-content\/uploads\/2020\/06\/UW_Drinks-2-435807443-1651576890998.jpg?resize=16%2C12&amp;ssl=1 16w, https:\/\/i0.wp.com\/wurzgartenvermouth.com\/wp-content\/uploads\/2020\/06\/UW_Drinks-2-435807443-1651576890998.jpg?resize=1200%2C900&amp;ssl=1 1200w, https:\/\/i0.wp.com\/wurzgartenvermouth.com\/wp-content\/uploads\/2020\/06\/UW_Drinks-2-435807443-1651576890998.jpg?resize=800%2C600&amp;ssl=1 800w, https:\/\/i0.wp.com\/wurzgartenvermouth.com\/wp-content\/uploads\/2020\/06\/UW_Drinks-2-435807443-1651576890998.jpg?resize=400%2C300&amp;ssl=1 400w, https:\/\/i0.wp.com\/wurzgartenvermouth.com\/wp-content\/uploads\/2020\/06\/UW_Drinks-2-435807443-1651576890998.jpg?resize=200%2C150&amp;ssl=1 200w, https:\/\/i0.wp.com\/wurzgartenvermouth.com\/wp-content\/uploads\/2020\/06\/UW_Drinks-2-435807443-1651576890998.jpg?resize=1568%2C1176&amp;ssl=1 1568w\" sizes=\"(max-width: 1000px) 100vw, 1000px\" \/>\t\t\t\t\t\t\t\t<\/a>\n\t\t\t\t\t\t\t\t\t\t\t<figcaption class=\"widget-image-caption wp-caption-text\">W\u00fcrzgarten Highball (spritzer) - Vermouth - Soda - Citrus rind<\/figcaption>\n\t\t\t\t\t\t\t\t\t\t<\/figure>\n\t\t\t\t\t\t\t\t\t<\/div>\n\t\t\t\t\t<\/div>\n\t\t<\/div>\n\t\t\t\t\t<\/div>\n\t\t<\/section>\n\t\t\t\t<section class=\"elementor-section elementor-inner-section elementor-element elementor-element-3006fca5 elementor-section-boxed elementor-section-height-default elementor-section-height-default\" data-id=\"3006fca5\" data-element_type=\"section\" data-e-type=\"section\" data-settings=\"{&quot;animation&quot;:&quot;none&quot;}\">\n\t\t\t\t\t\t<div class=\"elementor-container elementor-column-gap-default\">\n\t\t\t\t\t<div class=\"elementor-column elementor-col-50 elementor-inner-column elementor-element elementor-element-4cbd504c\" data-id=\"4cbd504c\" data-element_type=\"column\" data-e-type=\"column\">\n\t\t\t<div class=\"elementor-widget-wrap elementor-element-populated\">\n\t\t\t\t\t\t<div class=\"elementor-element elementor-element-4b617dc7 elementor-widget elementor-widget-image\" data-id=\"4b617dc7\" data-element_type=\"widget\" data-e-type=\"widget\" data-widget_type=\"image.default\">\n\t\t\t\t\t\t\t\t\t\t\t\t<figure class=\"wp-caption\">\n\t\t\t\t\t\t\t\t\t\t\t<a href=\"https:\/\/i0.wp.com\/wurzgartenvermouth.com\/wp-content\/uploads\/2020\/06\/UW_Drinks-4.jpg?ssl=1\" data-elementor-open-lightbox=\"yes\" data-e-action-hash=\"#elementor-action%3Aaction%3Dlightbox%26settings%3DeyJpZCI6NDk4LCJ1cmwiOiJodHRwczpcL1wvd3VyemdhcnRlbnZlcm1vdXRoLmNvbVwvd3AtY29udGVudFwvdXBsb2Fkc1wvMjAyMFwvMDZcL1VXX0RyaW5rcy00LmpwZyJ9\">\n\t\t\t\t\t\t\t<img decoding=\"async\" data-attachment-id=\"498\" data-permalink=\"https:\/\/wurzgartenvermouth.com\/en\/uw_drinks-4\/\" data-orig-file=\"https:\/\/i0.wp.com\/wurzgartenvermouth.com\/wp-content\/uploads\/2020\/06\/UW_Drinks-4.jpg?fit=1617%2C1617&amp;ssl=1\" data-orig-size=\"1617,1617\" data-comments-opened=\"1\" data-image-meta=\"{&quot;aperture&quot;:&quot;0&quot;,&quot;credit&quot;:&quot;&quot;,&quot;camera&quot;:&quot;ILCE-6000&quot;,&quot;caption&quot;:&quot;&quot;,&quot;created_timestamp&quot;:&quot;1550733023&quot;,&quot;copyright&quot;:&quot;&quot;,&quot;focal_length&quot;:&quot;0&quot;,&quot;iso&quot;:&quot;100&quot;,&quot;shutter_speed&quot;:&quot;0.001&quot;,&quot;title&quot;:&quot;&quot;,&quot;orientation&quot;:&quot;0&quot;}\" data-image-title=\"UW_Drinks-4\" data-image-description=\"\" data-image-caption=\"\" data-large-file=\"https:\/\/i0.wp.com\/wurzgartenvermouth.com\/wp-content\/uploads\/2020\/06\/UW_Drinks-4.jpg?fit=1024%2C1024&amp;ssl=1\" width=\"800\" height=\"800\" src=\"https:\/\/i0.wp.com\/wurzgartenvermouth.com\/wp-content\/uploads\/2020\/06\/UW_Drinks-4.jpg?resize=800800&amp;ssl=1\" class=\"attachment-newspack-article-block-square-medium size-newspack-article-block-square-medium wp-image-498\" alt=\"\" srcset=\"\" sizes=\"(max-width: 800px) 100vw, 800px\" data-srcset=\"\" \/>\t\t\t\t\t\t\t\t<\/a>\n\t\t\t\t\t\t\t\t\t\t\t<figcaption class=\"widget-image-caption wp-caption-text\">I am blue - Vermouth - Juniper Brandy - Orange Curacao - Lemon Juice - Egg White - Elderflower Soda - Peychauds Bitter<\/figcaption>\n\t\t\t\t\t\t\t\t\t\t<\/figure>\n\t\t\t\t\t\t\t\t\t<\/div>\n\t\t\t\t\t<\/div>\n\t\t<\/div>\n\t\t\t\t<div class=\"elementor-column elementor-col-50 elementor-inner-column elementor-element elementor-element-c162eb5\" data-id=\"c162eb5\" data-element_type=\"column\" data-e-type=\"column\">\n\t\t\t<div class=\"elementor-widget-wrap elementor-element-populated\">\n\t\t\t\t\t\t<div class=\"elementor-element elementor-element-61bc698f elementor-widget elementor-widget-image\" data-id=\"61bc698f\" data-element_type=\"widget\" data-e-type=\"widget\" data-widget_type=\"image.default\">\n\t\t\t\t\t\t\t\t\t\t\t\t<figure class=\"wp-caption\">\n\t\t\t\t\t\t\t\t\t\t\t<a href=\"https:\/\/i0.wp.com\/wurzgartenvermouth.com\/wp-content\/uploads\/2020\/06\/UW_Drinks-e1618914679702.jpg?ssl=1\" data-elementor-open-lightbox=\"yes\" data-e-action-hash=\"#elementor-action%3Aaction%3Dlightbox%26settings%3DeyJpZCI6NDk0LCJ1cmwiOiJodHRwczpcL1wvd3VyemdhcnRlbnZlcm1vdXRoLmNvbVwvd3AtY29udGVudFwvdXBsb2Fkc1wvMjAyMFwvMDZcL1VXX0RyaW5rcy1lMTYxODkxNDY3OTcwMi5qcGcifQ%3D%3D\">\n\t\t\t\t\t\t\t<img decoding=\"async\" data-attachment-id=\"494\" data-permalink=\"https:\/\/wurzgartenvermouth.com\/en\/uw_drinks\/\" data-orig-file=\"https:\/\/i0.wp.com\/wurzgartenvermouth.com\/wp-content\/uploads\/2020\/06\/UW_Drinks-e1618914679702.jpg?fit=1315%2C1367&amp;ssl=1\" data-orig-size=\"1315,1367\" data-comments-opened=\"1\" data-image-meta=\"{&quot;aperture&quot;:&quot;6.3&quot;,&quot;credit&quot;:&quot;&quot;,&quot;camera&quot;:&quot;ILCE-7&quot;,&quot;caption&quot;:&quot;&quot;,&quot;created_timestamp&quot;:&quot;1585253871&quot;,&quot;copyright&quot;:&quot;&quot;,&quot;focal_length&quot;:&quot;64&quot;,&quot;iso&quot;:&quot;400&quot;,&quot;shutter_speed&quot;:&quot;0.01&quot;,&quot;title&quot;:&quot;&quot;,&quot;orientation&quot;:&quot;0&quot;}\" data-image-title=\"UW_Drinks\" data-image-description=\"\" data-image-caption=\"\" data-large-file=\"https:\/\/i0.wp.com\/wurzgartenvermouth.com\/wp-content\/uploads\/2020\/06\/UW_Drinks-e1618914679702.jpg?fit=985%2C1024&amp;ssl=1\" width=\"800\" height=\"800\" src=\"https:\/\/i0.wp.com\/wurzgartenvermouth.com\/wp-content\/uploads\/2020\/06\/UW_Drinks-e1618914679702.jpg?resize=800%2C800&amp;ssl=1\" class=\"attachment-newspack-article-block-square-medium size-newspack-article-block-square-medium wp-image-494\" alt=\"\" srcset=\"https:\/\/i0.wp.com\/wurzgartenvermouth.com\/wp-content\/uploads\/2020\/06\/UW_Drinks-e1618914679702.jpg?resize=150%2C150&amp;ssl=1 150w, https:\/\/i0.wp.com\/wurzgartenvermouth.com\/wp-content\/uploads\/2020\/06\/UW_Drinks-e1618914679702.jpg?resize=1200%2C1200&amp;ssl=1 1200w, https:\/\/i0.wp.com\/wurzgartenvermouth.com\/wp-content\/uploads\/2020\/06\/UW_Drinks-e1618914679702.jpg?resize=800%2C800&amp;ssl=1 800w, https:\/\/i0.wp.com\/wurzgartenvermouth.com\/wp-content\/uploads\/2020\/06\/UW_Drinks-e1618914679702.jpg?resize=400%2C400&amp;ssl=1 400w, https:\/\/i0.wp.com\/wurzgartenvermouth.com\/wp-content\/uploads\/2020\/06\/UW_Drinks-e1618914679702.jpg?resize=200%2C200&amp;ssl=1 200w\" sizes=\"(max-width: 800px) 100vw, 800px\" \/>\t\t\t\t\t\t\t\t<\/a>\n\t\t\t\t\t\t\t\t\t\t\t<figcaption class=\"widget-image-caption wp-caption-text\">W\u00fcrzgarten Spritz - Vermouth - Ros\u00e9 sparkling wine - sparkling water - lemon - mint<\/figcaption>\n\t\t\t\t\t\t\t\t\t\t<\/figure>\n\t\t\t\t\t\t\t\t\t<\/div>\n\t\t\t\t\t<\/div>\n\t\t<\/div>\n\t\t\t\t\t<\/div>\n\t\t<\/section>\n\t\t\t\t<section class=\"elementor-section elementor-inner-section elementor-element elementor-element-4edbab6a elementor-section-boxed elementor-section-height-default elementor-section-height-default\" data-id=\"4edbab6a\" data-element_type=\"section\" data-e-type=\"section\" data-settings=\"{&quot;animation&quot;:&quot;none&quot;}\">\n\t\t\t\t\t\t<div class=\"elementor-container elementor-column-gap-default\">\n\t\t\t\t\t<div class=\"elementor-column elementor-col-100 elementor-inner-column elementor-element elementor-element-2dd47dfe\" data-id=\"2dd47dfe\" data-element_type=\"column\" data-e-type=\"column\">\n\t\t\t<div class=\"elementor-widget-wrap elementor-element-populated\">\n\t\t\t\t\t\t<div class=\"elementor-element elementor-element-702d7b3f elementor-widget elementor-widget-image\" data-id=\"702d7b3f\" data-element_type=\"widget\" data-e-type=\"widget\" data-widget_type=\"image.default\">\n\t\t\t\t\t\t\t\t\t\t\t\t<figure class=\"wp-caption\">\n\t\t\t\t\t\t\t\t\t\t\t<a href=\"https:\/\/i0.wp.com\/wurzgartenvermouth.com\/wp-content\/uploads\/2020\/06\/UW_Drinks-3.jpg?ssl=1\" data-elementor-open-lightbox=\"yes\" data-e-action-hash=\"#elementor-action%3Aaction%3Dlightbox%26settings%3DeyJpZCI6NDk3LCJ1cmwiOiJodHRwczpcL1wvd3VyemdhcnRlbnZlcm1vdXRoLmNvbVwvd3AtY29udGVudFwvdXBsb2Fkc1wvMjAyMFwvMDZcL1VXX0RyaW5rcy0zLTE4NjIxOTQyNDUtMTY1MTU3NjkyNzEwMS5qcGcifQ%3D%3D\">\n\t\t\t\t\t\t\t<img loading=\"lazy\" decoding=\"async\" data-attachment-id=\"497\" data-permalink=\"https:\/\/wurzgartenvermouth.com\/en\/uw_drinks-3\/\" data-orig-file=\"https:\/\/i0.wp.com\/wurzgartenvermouth.com\/wp-content\/uploads\/2020\/06\/UW_Drinks-3-1862194245-1651576927101.jpg?fit=1819%2C1364&amp;ssl=1\" data-orig-size=\"1819,1364\" data-comments-opened=\"1\" data-image-meta=\"{&quot;aperture&quot;:&quot;0&quot;,&quot;credit&quot;:&quot;&quot;,&quot;camera&quot;:&quot;&quot;,&quot;caption&quot;:&quot;&quot;,&quot;created_timestamp&quot;:&quot;0&quot;,&quot;copyright&quot;:&quot;&quot;,&quot;focal_length&quot;:&quot;0&quot;,&quot;iso&quot;:&quot;0&quot;,&quot;shutter_speed&quot;:&quot;0&quot;,&quot;title&quot;:&quot;&quot;,&quot;orientation&quot;:&quot;0&quot;}\" data-image-title=\"UW_Drinks-3\" data-image-description=\"\" data-image-caption=\"\" data-large-file=\"https:\/\/i0.wp.com\/wurzgartenvermouth.com\/wp-content\/uploads\/2020\/06\/UW_Drinks-3-1862194245-1651576927101.jpg?fit=1024%2C768&amp;ssl=1\" width=\"1200\" height=\"900\" src=\"https:\/\/i0.wp.com\/wurzgartenvermouth.com\/wp-content\/uploads\/2020\/06\/UW_Drinks-3-1862194245-1651576927101.jpg?fit=1200%2C900&amp;ssl=1\" class=\"attachment-newspack-article-block-uncropped size-newspack-article-block-uncropped wp-image-497\" alt=\"\" srcset=\"https:\/\/i0.wp.com\/wurzgartenvermouth.com\/wp-content\/uploads\/2020\/06\/UW_Drinks-3-1862194245-1651576927101.jpg?w=1819&amp;ssl=1 1819w, https:\/\/i0.wp.com\/wurzgartenvermouth.com\/wp-content\/uploads\/2020\/06\/UW_Drinks-3-1862194245-1651576927101.jpg?resize=300%2C225&amp;ssl=1 300w, https:\/\/i0.wp.com\/wurzgartenvermouth.com\/wp-content\/uploads\/2020\/06\/UW_Drinks-3-1862194245-1651576927101.jpg?resize=1024%2C768&amp;ssl=1 1024w, https:\/\/i0.wp.com\/wurzgartenvermouth.com\/wp-content\/uploads\/2020\/06\/UW_Drinks-3-1862194245-1651576927101.jpg?resize=768%2C576&amp;ssl=1 768w, https:\/\/i0.wp.com\/wurzgartenvermouth.com\/wp-content\/uploads\/2020\/06\/UW_Drinks-3-1862194245-1651576927101.jpg?resize=1536%2C1152&amp;ssl=1 1536w, https:\/\/i0.wp.com\/wurzgartenvermouth.com\/wp-content\/uploads\/2020\/06\/UW_Drinks-3-1862194245-1651576927101.jpg?resize=16%2C12&amp;ssl=1 16w, https:\/\/i0.wp.com\/wurzgartenvermouth.com\/wp-content\/uploads\/2020\/06\/UW_Drinks-3-1862194245-1651576927101.jpg?resize=1200%2C900&amp;ssl=1 1200w, https:\/\/i0.wp.com\/wurzgartenvermouth.com\/wp-content\/uploads\/2020\/06\/UW_Drinks-3-1862194245-1651576927101.jpg?resize=800%2C600&amp;ssl=1 800w, https:\/\/i0.wp.com\/wurzgartenvermouth.com\/wp-content\/uploads\/2020\/06\/UW_Drinks-3-1862194245-1651576927101.jpg?resize=400%2C300&amp;ssl=1 400w, https:\/\/i0.wp.com\/wurzgartenvermouth.com\/wp-content\/uploads\/2020\/06\/UW_Drinks-3-1862194245-1651576927101.jpg?resize=200%2C150&amp;ssl=1 200w, https:\/\/i0.wp.com\/wurzgartenvermouth.com\/wp-content\/uploads\/2020\/06\/UW_Drinks-3-1862194245-1651576927101.jpg?resize=1568%2C1176&amp;ssl=1 1568w\" sizes=\"(max-width: 1000px) 100vw, 1000px\" \/>\t\t\t\t\t\t\t\t<\/a>\n\t\t\t\t\t\t\t\t\t\t\t<figcaption class=\"widget-image-caption wp-caption-text\">The Bartender - Vermouth - Gin - Fino or Amontillado Sherry - Dubonnnet - Orange Brandy<\/figcaption>\n\t\t\t\t\t\t\t\t\t\t<\/figure>\n\t\t\t\t\t\t\t\t\t<\/div>\n\t\t\t\t\t<\/div>\n\t\t<\/div>\n\t\t\t\t\t<\/div>\n\t\t<\/section>\n\t\t\t\t\t<\/div>\n\t\t<\/div>\n\t\t\t\t\t<\/div>\n\t\t<\/section>\n\t\t\t\t<\/div>","protected":false},"excerpt":{"rendered":"<p>W\u00fcrzgarten Highball (Schorle) &#8211; Vermouth &#8211; Soda &#8211; Zitrusrind Ich bin blau &#8211; Vermouth &#8211; Wacholder Brandy &#8211; Orange Cura&#8217;ao &#8211; Zitronensaft &#8211; Eiwei\u00df &#8211; Elderflower Soda &#8211; Peychauds Bitter W\u00fcrzgarten Spritz &#8211; Vermouth &#8211; Ros\u00e9 Sekt &#8211; Sprudelwasser &#8211; Zitrone &#8211; Minze Der Bartender &#8211; Vermouth &#8211; Gin &#8211; Fino oder Amontillado Sherry &#8211; [&hellip;]<\/p>\n","protected":false},"author":17433329,"featured_media":0,"parent":0,"menu_order":0,"comment_status":"closed","ping_status":"closed","template":"elementor_header_footer","meta":{"jetpack_post_was_ever_published":false,"footnotes":""},"class_list":["post-614","page","type-page","status-publish","hentry"],"jetpack_sharing_enabled":true,"jetpack_likes_enabled":false,"jetpack_shortlink":"https:\/\/wp.me\/Pc3xae-9U","_links":{"self":[{"href":"https:\/\/wurzgartenvermouth.com\/en\/wp-json\/wp\/v2\/pages\/614","targetHints":{"allow":["GET"]}}],"collection":[{"href":"https:\/\/wurzgartenvermouth.com\/en\/wp-json\/wp\/v2\/pages"}],"about":[{"href":"https:\/\/wurzgartenvermouth.com\/en\/wp-json\/wp\/v2\/types\/page"}],"author":[{"embeddable":true,"href":"https:\/\/wurzgartenvermouth.com\/en\/wp-json\/wp\/v2\/users\/17433329"}],"replies":[{"embeddable":true,"href":"https:\/\/wurzgartenvermouth.com\/en\/wp-json\/wp\/v2\/comments?post=614"}],"version-history":[{"count":60,"href":"https:\/\/wurzgartenvermouth.com\/en\/wp-json\/wp\/v2\/pages\/614\/revisions"}],"predecessor-version":[{"id":2482,"href":"https:\/\/wurzgartenvermouth.com\/en\/wp-json\/wp\/v2\/pages\/614\/revisions\/2482"}],"wp:attachment":[{"href":"https:\/\/wurzgartenvermouth.com\/en\/wp-json\/wp\/v2\/media?parent=614"}],"curies":[{"name":"wp","href":"https:\/\/api.w.org\/{rel}","templated":true}]}}